{"id":20,"date":"2024-05-06T17:27:49","date_gmt":"2024-05-06T17:27:49","guid":{"rendered":"https:\/\/staging.zorentino.com\/?page_id=20"},"modified":"2024-06-16T16:24:14","modified_gmt":"2024-06-16T16:24:14","slug":"zastita-podataka","status":"publish","type":"page","link":"https:\/\/villa-panorama-croatia.com\/hr\/datenschutz\/","title":{"rendered":"za\u0161tita podataka"},"content":{"rendered":"<div data-elementor-type=\"wp-page\" data-elementor-id=\"20\" class=\"elementor elementor-20\" data-elementor-post-type=\"page\">\n\t\t\t\t<div class=\"elementor-element elementor-element-0d1bdae e-flex e-con-boxed e-con e-parent\" data-id=\"0d1bdae\" data-element_type=\"container\" data-e-type=\"container\">\n\t\t\t\t\t<div class=\"e-con-inner\">\n\t\t\t\t<div class=\"elementor-element elementor-element-52565a9 elementor-widget elementor-widget-text-editor\" data-id=\"52565a9\" data-element_type=\"widget\" data-e-type=\"widget\" data-widget_type=\"text-editor.default\">\n\t\t\t\t<div class=\"elementor-widget-container\">\n\t\t\t\t\t\t\t\t\t<div><h1><span style=\"color: #707070;\">Datenschutzerkl\u00e4rung<\/span><\/h1><div><p>Ovom Izjavom o za\u0161titi podataka \u017eelimo Vas upoznati s vrstom, opsegom i svrhom obrade osobnih podataka (u daljnjem tekstu i \u201epodaci\u201d). Osobni podaci su svi podaci koji imaju osobnu vezu s Vama, npr. Npr. ime, adresa, adresa e-po\u0161te ili va\u0161e korisni\u010dko pona\u0161anje. Izjava o za\u0161titi podataka odnosi se na sve postupke obrade podataka koje provodimo, kako u sklopu na\u0161ih osnovnih aktivnosti tako i za online medije koje odr\u017eavamo.<\/p><\/div><\/div><div><div><h2><span style=\"color: #707070;\">Tko je odgovoran za obradu podataka u na\u0161oj tvrtki<\/span><\/h2><p>Odgovoran za obradu podataka je:<\/p><\/div><\/div><p>HEND IMMOBILIEN doo<br \/>Rogovi\u0107i 34<br \/>52464 Ka\u0161telir-Labinci<br \/>Hrvatska<br \/>Tel: +49 170 9047286<\/p><div><div><h2><span style=\"color: #707070;\">Obrada Va\u0161ih podataka u sklopu osnovne djelatnosti na\u0161e tvrtke<\/span><\/h2><p>Ukoliko ste na\u0161 kupac ili poslovni partner ili ste zainteresirani za na\u0161e usluge, vrsta, opseg i svrha obrade Va\u0161ih podataka ovisi o ugovornom ili predugovornom odnosu koji postoji izme\u0111u nas. U tom smislu, podaci koje obra\u0111ujemo uklju\u010duju sve podatke koje ste dali ili ste dali u svrhu kori\u0161tenja ugovornih ili predugovornih usluga i koji su potrebni za obradu va\u0161eg zahtjeva ili ugovora sklopljenog izme\u0111u nas. Osim ako nije druga\u010dije navedeno u daljnjim informacijama u ovoj izjavi o za\u0161titi podataka, obrada va\u0161ih podataka i njihov prijenos tre\u0107im stranama ograni\u010den je na podatke potrebne za odgovor na va\u0161e upite i\/ili za ispunjenje ugovora sklopljenog izme\u0111u vas i nas, kako bismo za\u0161titili na\u0161e prava i nu\u017eni su i prikladni za ispunjavanje zakonskih obveza. Obavijestit \u0107emo vas koji su podaci potrebni za to prije ili u sklopu prikupljanja podataka. Ako za pru\u017eanje na\u0161ih usluga koristimo pru\u017eatelje tre\u0107e strane, primjenjuju se informacije o za\u0161titi podataka odgovaraju\u0107eg pru\u017eatelja tre\u0107e strane.<\/p><p><strong>Zahva\u0107eni podaci:<\/strong><\/p><ul><li>Podaci o inventaru (npr. imena, adrese)<\/li><li>Podaci o pla\u0107anju (npr. bankovni podaci, fakture)<\/li><li>Podaci za kontakt (npr. e-mail adresa, telefonski broj, po\u0161tanska adresa)<\/li><li>Podaci o ugovoru (npr. predmet ugovora, trajanje ugovora)<\/li><\/ul><p><strong>Pogo\u0111ene osobe:\u00a0<\/strong>Zainteresirane strane, poslovni i ugovorni partneri<\/p><p><strong>Svrha obrade:\u00a0<\/strong>Obrada ugovornih usluga, komunikacija i odgovaranje na kontakt upite, uredske i organizacijske procedure<\/p><p><strong>Pravna osnova:<\/strong>\u00a0Ispunjenje ugovora, st. 1 GDPR, st. 1 GDPR<\/p><\/div><\/div><div><div><h2><span style=\"color: #707070;\">Va\u0161a prava prema GDPR-u<\/span><\/h2><p>Prema GDPR-u imate sljede\u0107a prava koja mo\u017eete ostvariti u bilo kojem trenutku kod odgovorne osobe navedene u odjeljku 1 ove izjave o za\u0161titi podataka:<\/p><ul><li><strong>Pravo na informaciju:<\/strong>\u00a0Imate pravo od nas zatra\u017eiti informaciju o tome obra\u0111ujemo li i koje podatke o vama.<\/li><li><strong>Pravo na ispravak:<\/strong>\u00a0Imate pravo zahtijevati ispravak neto\u010dnih podataka ili dopunu nepotpunih podataka.<\/li><li><strong>Pravo na brisanje:<\/strong>\u00a0Imate pravo zahtijevati brisanje svojih podataka.<\/li><li><strong>Pravo na ograni\u010denje:<\/strong>\u00a0U odre\u0111enim slu\u010dajevima imate pravo zahtijevati da va\u0161e podatke obra\u0111ujemo samo u ograni\u010denom opsegu.<\/li><li><strong>Pravo na prenosivost podataka:<\/strong>\u00a0Imate pravo zahtijevati da va\u0161e podatke prenesemo vama ili drugom voditelju obrade u strukturiranom, uobi\u010dajeno kori\u0161tenom i strojno \u010ditljivom formatu.<\/li><li><strong>Pravo \u017ealbe<\/strong>: Imate se pravo \u017ealiti nadzornom tijelu. Odgovorno je nadzorno tijelo va\u0161eg uobi\u010dajenog mjesta stanovanja, va\u0161eg radnog mjesta ili sjedi\u0161ta na\u0161e tvrtke.<\/li><\/ul><h3><span style=\"color: #707070;\">Pravo na odustanak<\/span><\/h3><p>Imate pravo opozvati svoju privolu za obradu podataka u bilo kojem trenutku.<\/p><h3><span style=\"color: #707070;\">Pravo na prigovor<\/span><\/h3><p>U svakom trenutku imate pravo ulo\u017eiti prigovor na obradu va\u0161ih podataka, \u0161to temeljimo na na\u0161em legitimnom interesu u skladu s \u010dlankom 6. stavkom 1. to\u010dkom (f) GDPR-a. Ukoliko koristite svoje pravo na prigovor, molimo Vas da obrazlo\u017eite razloge. Tada vi\u0161e ne\u0107emo obra\u0111ivati va\u0161e osobne podatke osim ako vam ne doka\u017eemo da uvjerljivi legitimni razlozi za obradu podataka nadma\u0161uju va\u0161e interese i prava.<\/p><p><strong>Neovisno o gore navedenom, imate pravo u bilo kojem trenutku ulo\u017eiti prigovor na obradu Va\u0161ih osobnih podataka u svrhu ogla\u0161avanja i analize podataka.<\/strong><\/p><p>Molimo Vas da svoj prigovor po\u0161aljete na gore navedenu kontakt adresu odgovorne osobe.<\/p><h2><span style=\"color: #707070;\">Kada bri\u0161emo va\u0161e podatke?<\/span><\/h2><p>Izbrisat \u0107emo va\u0161e podatke ako nam vi\u0161e ne trebaju ili ako nam to ka\u017eete. To zna\u010di da \u0107emo \u2013 osim ako nije druga\u010dije navedeno u informacijama o za\u0161titi osobnih podataka u ovoj izjavi o za\u0161titi podataka \u2013 izbrisati va\u0161e podatke,<\/p><ul><li>ako vi\u0161e ne postoji svrha obrade podataka i odgovaraju\u0107a pravna osnova navedena u pojedina\u010dnim obavijestima o za\u0161titi podataka, na primjer.<ul><li>nakon raskida ugovornih ili \u010dlanskih odnosa koji postoje izme\u0111u nas (\u010dl. 6. st. 1. lit. a GDPR) ili<\/li><li>nakon \u0161to prestane na\u0161 legitimni interes za daljnjom obradom ili pohranom Va\u0161ih podataka (\u010dl. 6. st. 1. lit. f GDPR),<\/li><\/ul><\/li><li>ako iskoristite svoje pravo na povla\u010denje i ne postoji druga pravna osnova za obradu u smislu \u010dl. 6. st. 1. bf.<\/li><li>ako iskoristite svoje pravo na prigovor i ne postoje uvjerljivi razlozi vrijedni za\u0161tite od brisanja.<\/li><\/ul><p>Me\u0111utim, ako i dalje trebamo zadr\u017eati (odre\u0111ene dijelove) va\u0161ih podataka u druge svrhe, na primjer zbog razdoblja zadr\u017eavanja poreza (obi\u010dno 6 godina za poslovnu korespondenciju ili 10 godina za dokumente o rezervacijama) ili tvrdnje, ostvarivanja ili obrane pravnih zahtjeva proiza\u0161li iz ugovorno-obveznih odnosa (do \u010detiri godine) nu\u017eni ili su podaci potrebni za za\u0161titu prava druge fizi\u010dke ili pravne osobe, Va\u0161e \u0107emo podatke (dio) izbrisati tek nakon isteka tih razdoblja. Me\u0111utim, do isteka ovih rokova ograni\u010davamo obradu ovih podataka na ove svrhe (ispunjavanje obveza \u010duvanja).<\/p><\/div><\/div><div><div><h2><span style=\"color: #707070;\">Kola\u010di\u0107i<\/span><\/h2><p>Na\u0161a web stranica koristi kola\u010di\u0107e. Kola\u010di\u0107i su male tekstualne datoteke koje se sastoje od niza brojeva i slova koje se pohranjuju i spremaju na ure\u0111aju koji koristite. Kola\u010di\u0107i se prvenstveno koriste za razmjenu informacija izme\u0111u ure\u0111aja koji koristite i na\u0161e web stranice. To uklju\u010duje, izme\u0111u ostalog, jezi\u010dne postavke na web stranici, status prijave ili lokaciju na kojoj je video gledan.<\/p><p>Dvije vrste kola\u010di\u0107a koriste se kada posje\u0107ujete na\u0161e web stranice:<\/p><ul><li><strong>Privremeni kola\u010di\u0107i (kola\u010di\u0107i sesije):<\/strong>\u00a0Oni pohranjuju takozvani ID sesije, s kojim se razli\u010diti zahtjevi iz va\u0161eg preglednika mogu dodijeliti dijeljenoj sesiji. Kola\u010di\u0107i sesije bri\u0161u se kada se odjavite ili zatvorite preglednik.<\/li><li><strong>Trajni kola\u010di\u0107i:\u00a0<\/strong>Permanente Cookies bleiben auch nach dem Schlie\u00dfen des Browsers gespeichert. Dadurch erkennt unsere Webseite Ihren Rechner wieder, wenn Sie auf unsere Webseite zur\u00fcckkehren. In diesen Cookies werden beispielsweise Informationen zu Spracheinstellungen oder Log-In-Informationen gespeichert. Au\u00dferdem kann mit diesen Cookies Ihr Surfverhalten dokumentiert und gespeichert werden. Diese Daten k\u00f6nnen zu Statistik-, Marketing- und Personalisierungs-Zwecken verwendet werden.<\/li><\/ul><p>Neben der vorstehenden Einteilung k\u00f6nnen Cookies auch im Hinblick auf ihren Einsatzzweck unterschieden werden:<\/p><ul><li><strong>Notwendige Cookies:<\/strong>\u00a0Dies sind Cookies, die f\u00fcr den Betrieb unserer Webseite unbedingt erforderlich sind, um Logins oder Warenk\u00f6rbe f\u00fcr die Dauer Ihrer Sitzung zu speichern oder Cookies, die aus Sicherheitsgr\u00fcnden gesetzt werden.<\/li><li><strong>Statistik-, Marketing- und Personalisierungs-Cookies:<\/strong>\u00a0Dies sind Cookies, die f\u00fcr Analysezwecke oder die Reichweitenmessung eingesetzt werden. \u00dcber solche \u201eTracking\u201c-Cookies k\u00f6nnen insbesondere Informationen zu eingegebenen Suchbegriffen oder die H\u00e4ufigkeit von Seitenaufrufen gespeichert sein. Daneben kann aber auch das Surfverhalten eines einzelnen Nutzers (z. B. Betrachten bestimmter Inhalte, Nutzen von Funktionen etc.) in einem Nutzerprofil gespeichert werden. Solche Profile werden genutzt, um Nutzern Inhalte anzuzeigen, die deren potentiellen Interessen entsprechen. Soweit wir Dienste nutzen, \u00fcber die Cookies zu Statistik-, Marketing- und Personalisierungs-Zwecken auf Ihrem Endger\u00e4t gespeichert werden, informieren wir Sie hierzu gesondert in den nachfolgenden Abschnitten unserer Datenschutzerkl\u00e4rung oder im Rahmen der Einholung Ihrer Einwilligung.<\/li><\/ul><p><strong>Zahva\u0107eni podaci:<\/strong><\/p><ul><li>Nutzungsdaten (bspw. Zugriffszeiten, angeklickte Webseiten)<\/li><li>Kommunikationsdaten (bspw. Informationen \u00fcber das genutzte Ger\u00e4t, IP-Adresse).<\/li><\/ul><p><strong>Pogo\u0111ene osobe:\u00a0<\/strong>Nutzer unserer Onlineangebote<\/p><p><strong>Svrha obrade:\u00a0<\/strong>Ausspielen unserer Internetseiten, Gew\u00e4hrleistung des Betriebs unserer Internetseiten, Verbesserung unseres Internetangebotes, Kommunikation und Marketig<\/p><p><strong>Pravna osnova:<br \/>Berechtigtes Interesse, Art. 6 Abs. 1 lit. f DSGVO<\/strong><br \/>Sofern wir von Ihnen keine Einwilligung in das Setzen der Cookies einholen, st\u00fctzen wir die Verarbeitung Ihrer Daten auf unser berechtigtes Interesse, die Qualit\u00e4t und Benutzerfreundlichkeit unseres Internetauftritts, insbesondere der Inhalte und Funktionen zu verbessern. Sie haben \u00fcber die Sicherheitseinstellungen Ihres Browsers, dem Einsatz der von uns im Rahmen unseres berechtigten Interesses gesetzten Cookies zu widersprechen. Dort haben Sie die M\u00f6glichkeit festzulegen, ob Sie etwa von vornherein keine oder nur auf Nachfrage Cookies akzeptieren oder aber festlegen, dass Cookies nach jedem Schlie\u00dfen Ihres Browsers gel\u00f6scht werden. Werden Cookies f\u00fcr unsere Webseite deaktiviert, k\u00f6nnen m\u00f6glicherweise nicht mehr alle Funktionen der Webseite vollumf\u00e4nglich genutzt werden.<\/p><\/div><\/div><div><div><h2><span style=\"color: #707070;\">Webhosting<\/span><\/h2><p>Wir bedienen uns zum Vorhalten unserer Internetseiten eines Anbieters, auf dessen Server unsere Internetseiten gespeichert und f\u00fcr den Abruf im Internet verf\u00fcgbar gemacht werden (Hosting). Hierbei k\u00f6nnen von dem Anbieter all diejenigen \u00fcber den von Ihnen genutzten Browser \u00fcbertragenen Daten verarbeitet werden, die bei der Nutzung unserer Internetseiten anfallen. Hierzu geh\u00f6ren insbesondere Ihre IP-Adresse, die der Anbieter ben\u00f6tigt, um unser Online-Angebot an den von Ihnen genutzten Browser ausliefern zu k\u00f6nnen sowie s\u00e4mtliche von Ihnen \u00fcber unsere Internetseite get\u00e4tigten Eingaben. Daneben kann der von uns genutzte Anbieter\u00a0\u00a0<\/p><ul><li>das Datum und die Uhrzeit des Zugriffs auf unsere Internetseite<\/li><li>Zeitzonendifferenz zur Greenwich Mean Time (GMT)<\/li><li>Zugriffsstatus (HTTP-Status)<\/li><li>die \u00fcbertragene Datenmenge<\/li><li>der Internet-Service-Provider des zugreifenden Systems<\/li><li>der von Ihnen verwendete Browsertyp und dessen Version<\/li><li>das von Ihnen verwendete Betriebssystem<\/li><li>die Internetseite, von welcher Sie gegebenenfalls auf unsere Internetseite gelangt sind<\/li><li>die Seiten bzw. Unterseiten, welche Sie auf unserer Internetseite besuchen.<\/li><\/ul><p>erheben. Die vorgenannten Daten werden als Logfiles auf den Servern unseres Anbieters gespeichert. Dies ist erforderlich, um die Stabilit\u00e4t und Sicherheit des Betriebs unserer Internetseite zu gew\u00e4hrleisten.<\/p><p><strong>Zahva\u0107eni podaci:<\/strong><\/p><ul><li>Inhaltsdaten (bspw. Posts, Fotos, Videos)<\/li><li>Nutzungsdaten (bspw. Zugriffszeiten, angeklickte Webseiten)<\/li><li>Kommunikationsdaten (bspw. Informationen \u00fcber das genutzte Ger\u00e4t, IP-Adresse)<\/li><\/ul><p><strong>Pogo\u0111ene osobe:\u00a0<\/strong>Nutzer unserer Internetpr\u00e4senz<\/p><p><strong>Svrha obrade:\u00a0<\/strong>Ausspielen unserer Internetseiten, Gew\u00e4hrleistung des Betriebs unserer Internetseiten<\/p><p><strong>Pravna osnova:<\/strong>\u00a0Berechtigtes Interesse, Art. 6 Abs. 1 lit. f DSGVO<\/p><p><strong>Von uns beauftragte(r) Webhoster:<\/strong><\/p><\/div><\/div><div><div><p><b>IONOS<\/b><\/p><p>Dienstanbieter: IONOS SE<br \/>Adresse: Elgendorferstrasse 57, 56410 Montabaur\u00a0<br \/>Datenschutzerkl\u00e4rung:\u00a0<a href=\"https:\/\/www.ionos.de\/terms-gtc\/datenschutzerklaerung\/\" target=\"_blank\" rel=\"noopener\">https:\/\/www.ionos.de\/terms-gtc\/datenschutzerklaerung\/<\/a><\/p><\/div><\/div><div><div><h2><span style=\"color: #707070;\">Kontaktaufnahme<\/span><\/h2><p>Soweit Sie uns \u00fcber E-Mail, Soziale Medien, Telefon, Fax, Post, unser Kontaktformular oder sonstwie ansprechen und uns hierbei personenbezogene Daten wie Ihren Namen, Ihre Telefonnummer oder Ihre E-Mail-Adresse zur Verf\u00fcgung stellen oder weitere Angaben zur Ihrer Person oder Ihrem Anliegen machen, verarbeiten wir diese Daten zur Beantwortung Ihrer Anfrage im Rahmen des zwischen uns bestehenden vorvertraglichen oder vertraglichen Beziehungen.<\/p><p><strong>Zahva\u0107eni podaci:<\/strong><\/p><ul><li>Podaci o inventaru (npr. imena, adrese)<\/li><li>Podaci za kontakt (npr. e-mail adresa, telefonski broj, po\u0161tanska adresa)<\/li><li>Inhaltsdaten (Texte, Fotos, Videos)<\/li><li>Podaci o ugovoru (npr. predmet ugovora, trajanje ugovora)<\/li><\/ul><p><strong>Pogo\u0111ene osobe:\u00a0<\/strong>Interessenten, Kunden, Gesch\u00e4fts- und Vertragspartner<\/p><p><strong>Svrha obrade:\u00a0<\/strong>Kommunikation sowie Beantwortung von Kontaktanfragen, B\u00fcro und Organisationsverfahren<\/p><p><strong>Pravna osnova:<\/strong>\u00a0Vertragserf\u00fcllung und vorvertragliche Anfragen, Art. 6 Abs. 1 lit. b DSGVO, berechtigtes Interesse, Art. 6 Abs. 1 lit. f DSGVO<\/p><\/div><\/div><div><div><h2><span style=\"color: #707070;\">Content-Dienste<\/span><\/h2><p>Wir nutzen bestimmte Dienste, um \u00fcber unsere Internetpr\u00e4senz bestimmte Inhalte oder Grafiken (Videos, Bilder, Musik, Schriftarten, Kartenmaterial) ausspielen zu k\u00f6nnen. Dabei verarbeiten die von uns eingesetzten Dienste die Ihnen zum Zeitpunkt Ihres Besuchs auf unseren Internetseiten zugeordnete IP-Adresse, da nur so der jeweilige Inhalt in dem von Ihnen verwendeten Browser dargestellt werden kann. Dar\u00fcber hinaus k\u00f6nnen die Anbieter dieser Dienste weitere Cookies auf Ihr Endger\u00e4t setzen, \u00fcber die Informationen \u00fcber Ihr Nutzungsverhalten, Ihre Interessen, das von Ihnen verwendete Ger\u00e4t und den verwendeten Browser sowie Zeitpunkt und Dauer Ihrer Sitzung erhoben werden. Diese Daten verwenden die Anbieter regelm\u00e4\u00dfig f\u00fcr Analyse-, Statistik- und Marketingzwecke. Zudem k\u00f6nnen diese Informationen k\u00f6nnen auch mit Informationen aus anderen Quellen verbunden werden. Dies gilt insbesondere dann, wenn Sie selbst einen Account bei dem Dienstanbieter unterhalten und zum Zeitpunkt der Sitzung dort eingeloggt sind.<\/p><p>Wir weisen darauf hin, dass je nach Sitzland des nachstehend genannten Diensteanbieters die nachfolgend n\u00e4her benannten Daten auf Server au\u00dferhalb des Raumes der Europ\u00e4ischen Union \u00fcbertragen und verarbeitet werden k\u00f6nnen. Es besteht in diesem Fall das Risiko, dass das von der DSGVO vorgeschriebene Datenschutzniveau nicht eingehalten und die Durchsetzung Ihrer Rechte nicht oder nur erschwert erfolgen kann.<\/p><p><strong>Zahva\u0107eni podaci:<\/strong><\/p><ul><li>Nutzungsdaten (bspw. Zugriffszeiten, angeklickte Webseiten)<\/li><li>Kommunikationsdaten (bspw. Informationen \u00fcber das genutzte Ger\u00e4t, IP-Adresse)<\/li><\/ul><p><strong>Pogo\u0111ene osobe:\u00a0<\/strong>Nutzer unserer Internetpr\u00e4senz<\/p><p><strong>Svrha obrade:\u00a0<\/strong>Ausspielen unserer Internetseiten, Anbieten von Inhalten, Gew\u00e4hrleistung des Betriebs unserer Internetseiten<\/p><p><strong>Pravna osnova:<\/strong>\u00a0Einwilligung \u00fcber Cookie-Consent-Banner, Art. 6 Abs. 1 lit. a DSGVO, berechtigte Interessen, Art. 6 Abs. 1 lit. f DSGVO<\/p><p><strong>Wir nutzen folgende Content-Dienste:<\/strong><\/p><\/div><\/div><div><div><p><strong>Google Maps<\/strong><\/p><p>Wir nutzen auf unserer Internetpr\u00e4senz Google Maps. Hierbei wird durch Google die IP-Adresse des Besuchers erhoben und verarbeitet. Wenn Sie eine Internetseite besuchen, auf der Google Maps eingebunden ist, wird unabh\u00e4ngig davon, ob die Nutzung von Google Maps tats\u00e4chlich erfolgt oder Sie in Ihrem Google Account eingeloggt sind Ihre IP-Adresse sowie Ihre Standortdaten (letztere in der Regel nicht ohne Ihre Einwilligung) an Google \u00fcbermittelt. Ihre IP-Adresse wird Ihrem Google Account zugeordnet, sofern Sie bei dem Besuch unserer Internetpr\u00e4senz dort eingeloggt sind.<\/p><p>Dienstanbieter: Google Inc., 1600 Amphitheatre Parkway, Mountain View, CA 94043, USA<br \/>Sitz in der EU: Google Ireland Limited, Gordon House, Barrow Street, Dublin 4, Irland<br \/>Internetseite:\u00a0<a href=\"https:\/\/www.google.de\/maps\" target=\"_blank\" rel=\"noopener\">https:\/\/www.google.de\/maps<\/a><br \/>Datenschutzerkl\u00e4rung:\u00a0<a href=\"https:\/\/policies.google.com\/privacy\" target=\"_blank\" rel=\"noopener\">https:\/\/policies.google.com\/privacy<\/a><br \/><strong>Opcija isklju\u010divanja:<\/strong>\u00a0<a href=\"https:\/\/tools.google.com\/dlpage\/gaoptout?hl=de\" target=\"_blank\" rel=\"noopener\">https:\/\/tools.google.com\/dlpage\/gaoptout?hl=de<\/a><\/p><\/div><\/div><div><div><p><strong>Google web fontovi<\/strong><\/p><p>S Google Web Fontovima mo\u017eemo integrirati fontove (web fontove) u dizajn na\u0161e web stranice i ispravno ih prikazati kada se na\u0161a web stranica prikazuje u va\u0161em pregledniku. Ovi web fontovi integrirani su putem poziva poslu\u017eitelja Googleu. Odatle se fontovi sa\u017eimaju i proslje\u0111uju u va\u0161 preglednik te tamo raspakiraju. Ovaj se poslu\u017eitelj obi\u010dno nalazi u SAD-u. Ako posjetite neku od na\u0161ih stranica na koje integriramo Google Fontove, Google \u0107e biti obavije\u0161ten koje ste na\u0161e web stranice posjetili.<\/p><p>Dienstanbieter: Google Inc., 1600 Amphitheatre Parkway, Mountain View, CA 94043, USA<br \/>Sitz in der EU: Google Ireland Limited, Gordon House, Barrow Street, Dublin 4, Irland<br \/>Internetseite:\u00a0<a href=\"https:\/\/fonts.google.com\/\" target=\"_blank\" rel=\"noopener\">https:\/\/fonts.google.com\/<\/a><br \/>Datenschutzerkl\u00e4rung:\u00a0<a href=\"https:\/\/policies.google.com\/privacy\" target=\"_blank\" rel=\"noopener\">https:\/\/policies.google.com\/privacy<\/a><\/p><\/div><\/div><div><div><h2><span style=\"color: #707070;\">Sigurnosne mjere<\/span><\/h2><p>Tako\u0111er poduzimamo najsuvremenije tehni\u010dke i organizacijske sigurnosne mjere kako bismo bili u skladu sa zakonima o za\u0161titi podataka i za\u0161titili va\u0161e podatke od slu\u010dajne ili namjerne manipulacije, djelomi\u010dnog ili potpunog gubitka, uni\u0161tenja ili protiv neovla\u0161tenog pristupa tre\u0107ih strana.<\/p><h2><span style=\"color: #707070;\">Aktualnost i promjene ove izjave o za\u0161titi podataka<\/span><\/h2><p>Ova izjava o za\u0161titi podataka trenutno je va\u017ee\u0107a i nosi datum sije\u010danj 2024. Zbog promjena u zakonskim ili slu\u017ebenim zahtjevima, mo\u017ee biti potrebno prilagoditi ovu izjavu o za\u0161titi podataka.<\/p><p><strong>Ova izjava o za\u0161titi podataka izra\u0111ena je uz pomo\u0107 generatora za\u0161tite podataka tvrtke SOS Recht. SOS Law je ponuda partnerstva odvjetnika Mueller.legal sa sjedi\u0161tem u Berlinu.<\/strong><\/p><\/div><\/div>\t\t\t\t\t\t\t\t<\/div>\n\t\t\t\t<\/div>\n\t\t\t\t\t<\/div>\n\t\t\t\t<\/div>\n\t\t\t\t<\/div>","protected":false},"excerpt":{"rendered":"<p>Datenschutzerkl\u00e4rung Mit dieser Datenschutzerkl\u00e4rung m\u00f6chten wir Sie \u00fcber Art, Umfang und Zweck der Verarbeitung von personenbezogenen Daten (im Folgenden auch [&hellip;]<\/p>\n","protected":false},"author":1,"featured_media":0,"parent":0,"menu_order":0,"comment_status":"closed","ping_status":"closed","template":"","meta":{"site-sidebar-layout":"no-sidebar","site-content-layout":"","ast-site-content-layout":"full-width-container","site-content-style":"default","site-sidebar-style":"default","ast-global-header-display":"","ast-banner-title-visibility":"","ast-main-header-display":"","ast-hfb-above-header-display":"","ast-hfb-below-header-display":"","ast-hfb-mobile-header-display":"","site-post-title":"disabled","ast-breadcrumbs-content":"","ast-featured-img":"disabled","footer-sml-layout":"","theme-transparent-header-meta":"","adv-header-id-meta":"","stick-header-meta":"","header-above-stick-meta":"","header-main-stick-meta":"","header-below-stick-meta":"","astra-migrate-meta-layouts":"default","ast-page-background-enabled":"default","ast-page-background-meta":{"desktop":{"background-color":"var(--ast-global-color-4)","background-image":"","background-repeat":"repeat","background-position":"center center","background-size":"auto","background-attachment":"scroll","background-type":"","background-media":"","overlay-type":"","overlay-color":"","overlay-opacity":"","overlay-gradient":""},"tablet":{"background-color":"","background-image":"","background-repeat":"repeat","background-position":"center center","background-size":"auto","background-attachment":"scroll","background-type":"","background-media":"","overlay-type":"","overlay-color":"","overlay-opacity":"","overlay-gradient":""},"mobile":{"background-color":"","background-image":"","background-repeat":"repeat","background-position":"center center","background-size":"auto","background-attachment":"scroll","background-type":"","background-media":"","overlay-type":"","overlay-color":"","overlay-opacity":"","overlay-gradient":""}},"ast-content-background-meta":{"desktop":{"background-color":"var(--ast-global-color-5)","background-image":"","background-repeat":"repeat","background-position":"center center","background-size":"auto","background-attachment":"scroll","background-type":"","background-media":"","overlay-type":"","overlay-color":"","overlay-opacity":"","overlay-gradient":""},"tablet":{"background-color":"var(--ast-global-color-5)","background-image":"","background-repeat":"repeat","background-position":"center center","background-size":"auto","background-attachment":"scroll","background-type":"","background-media":"","overlay-type":"","overlay-color":"","overlay-opacity":"","overlay-gradient":""},"mobile":{"background-color":"var(--ast-global-color-5)","background-image":"","background-repeat":"repeat","background-position":"center center","background-size":"auto","background-attachment":"scroll","background-type":"","background-media":"","overlay-type":"","overlay-color":"","overlay-opacity":"","overlay-gradient":""}},"_glsr_average":0,"_glsr_ranking":0,"_glsr_reviews":0,"footnotes":""},"class_list":["post-20","page","type-page","status-publish","hentry"],"_links":{"self":[{"href":"https:\/\/villa-panorama-croatia.com\/hr\/wp-json\/wp\/v2\/pages\/20","targetHints":{"allow":["GET"]}}],"collection":[{"href":"https:\/\/villa-panorama-croatia.com\/hr\/wp-json\/wp\/v2\/pages"}],"about":[{"href":"https:\/\/villa-panorama-croatia.com\/hr\/wp-json\/wp\/v2\/types\/page"}],"author":[{"embeddable":true,"href":"https:\/\/villa-panorama-croatia.com\/hr\/wp-json\/wp\/v2\/users\/1"}],"replies":[{"embeddable":true,"href":"https:\/\/villa-panorama-croatia.com\/hr\/wp-json\/wp\/v2\/comments?post=20"}],"version-history":[{"count":28,"href":"https:\/\/villa-panorama-croatia.com\/hr\/wp-json\/wp\/v2\/pages\/20\/revisions"}],"predecessor-version":[{"id":2135,"href":"https:\/\/villa-panorama-croatia.com\/hr\/wp-json\/wp\/v2\/pages\/20\/revisions\/2135"}],"wp:attachment":[{"href":"https:\/\/villa-panorama-croatia.com\/hr\/wp-json\/wp\/v2\/media?parent=20"}],"curies":[{"name":"wp","href":"https:\/\/api.w.org\/{rel}","templated":true}]}}