{"id":2013,"date":"2024-05-31T18:13:56","date_gmt":"2024-05-31T18:13:56","guid":{"rendered":"https:\/\/staging.zorentino.com\/?page_id=2013"},"modified":"2024-06-16T16:13:52","modified_gmt":"2024-06-16T16:13:52","slug":"uvjeti","status":"publish","type":"page","link":"https:\/\/villa-panorama-croatia.com\/hr\/agb\/","title":{"rendered":"Op\u0107i uvjeti poslovanja"},"content":{"rendered":"<div data-elementor-type=\"wp-page\" data-elementor-id=\"2013\" class=\"elementor elementor-2013\" data-elementor-post-type=\"page\">\n\t\t\t\t<div class=\"elementor-element elementor-element-f4cfd38 e-flex e-con-boxed e-con e-parent\" data-id=\"f4cfd38\" data-element_type=\"container\" data-e-type=\"container\">\n\t\t\t\t\t<div class=\"e-con-inner\">\n\t\t\t\t<div class=\"elementor-element elementor-element-b0ac8d2 elementor-widget elementor-widget-text-editor\" data-id=\"b0ac8d2\" data-element_type=\"widget\" data-e-type=\"widget\" data-widget_type=\"text-editor.default\">\n\t\t\t\t<div class=\"elementor-widget-container\">\n\t\t\t\t\t\t\t\t\t<p><strong>Op\u0107i uvjeti poslovanja ku\u0107e za odmor Villa Panorama<\/strong><\/p><p><strong>Vermieter: H.E.N.D. IMMOBILIEN d.o.o.<br \/>Rogovi\u0107i 34<br \/>52464 Ka\u0161telir-Labinci<br \/>Hrvatska<br \/>Tel: +49 170 9047286<\/strong><\/p><p><strong>Allgemeines:<\/strong><\/p><p>Das Ferienhaus Villa Panorama wird ausschlie\u00dflich an vollj\u00e4hrige und gesch\u00e4ftsf\u00e4hige Personen vermietet. Minderj\u00e4hrige oder beschr\u00e4nkt gesch\u00e4ftsf\u00e4hige Personen d\u00fcrfen das Ferienhaus nur in Begleitung vollj\u00e4hriger gesch\u00e4ftsf\u00e4higer Begleitpersonen nutzen. Eine Buchung ist grunds\u00e4tzlich erst ab einem Aufenthalt von 5 \u00dcbernachtungen m\u00f6glich. Der Mietvertrag kommt durch die schriftliche Best\u00e4tigung (Textform, per E-Mail \/ Buchungsbest\u00e4tigung) des Vermieters zustande.<\/p><p><strong>Beachten Sie bitte, dass absolut keine Junggesellen\/-innen-Abschiede und Party-Veranstaltungen gestattet sind:<\/strong> Bei Feststellung eines Versto\u00dfes wird der Mietvertrag sofort beendet und das Haus muss direkt ger\u00e4umt werden. Es erfolgt dann <strong>keine<\/strong> R\u00fcckzahlung der bereits gezahlten Miete<\/p><p>Bei der Buchung m\u00fcssen die Anzahl der nutzenden Personen angegeben werden, das Ferienhaus darf ausschlie\u00dflich von diesen Personen genutzt werden.<\/p><p>Eine Nutzung des Ferienhauses Villa Panorama f\u00fcr Filmproduktionen, Werbefilme oder \u00e4hnliche kommerzielle Zwecke ist nicht gestattet, es sei denn, es wurde zuvor eine schriftliche Vereinbarung mit dem Vermieter getroffen. Jegliche Verwendung des Ferienhauses oder dessen Umgebung f\u00fcr solche Zwecke ohne vorherige Zustimmung des Vermieters ist untersagt und kann zur sofortigen K\u00fcndigung des Mietvertrages und dem Einbehalt der Kaution f\u00fchren.<\/p><ol><li><strong> Anreise \/ Abreise \/ Mietdauer:<\/strong><\/li><\/ol><p>Am Anreisetag steht das Ferienhaus dem Mieter ab 14:00 Uhr zur Verf\u00fcgung, eine fr\u00fchere Anreise kann nach Absprache mit dem Vermieter m\u00f6glich sein. Der Mieter wird gebeten, direkt vor dem gebuchten Haus zu parken. Falls eine sp\u00e4tere Anreise als 18:00 Uhr geplant ist, ist dies aus organisatorischen Gr\u00fcnden im Vorfeld anzuk\u00fcndigen.<\/p><p>Am Abreisetag ist das Ferienhaus bis sp\u00e4testens 10:00 Uhr im vertragsgem\u00e4\u00dfen Zustand zu \u00fcbergeben. F\u00fcnf PKW-Stellpl\u00e4tze am Haus geh\u00f6ren zum Ferienobjekt.<\/p><p>Sollte der Mieter die Abreisezeit um mehr als 60 Minuten \u00fcberziehen, wird eine weitere \u00dcbernachtung berechnet.<\/p><p>Individuelle An- und Abreisezeiten k\u00f6nnen mit dem Vermieter vereinbart werden.<\/p><p>Falls der Mieter am Anreisetag bis 24:00 Uhr ohne vorherige Kontaktaufnahme mit dem Vermieter nicht erscheint, gilt der Vertrag als gek\u00fcndigt und der Vermieter oder dessen Vertreter kann \u00fcber das Objekt frei verf\u00fcgen. Die entsprechenden Stornokosten werden gem\u00e4\u00df Punkt 4. in Rechnung gestellt.<\/p><p>Eine (anteilige) R\u00fcckerstattung der Miete aufgrund einer vorzeitigen Abreise ist grunds\u00e4tzlich nicht m\u00f6glich.<\/p><ol start=\"2\"><li><strong> Sonderw\u00fcnsche und Nebenabreden<\/strong><\/li><\/ol><p>Sonderw\u00fcnsche und Nebenabreden k\u00f6nnen gerne ber\u00fccksichtigt werden, allerdings bed\u00fcrfen sie der schriftlichen Best\u00e4tigung durch den Vermieter.<\/p><ol start=\"3\"><li><strong> Bezahlung &amp; Mietpreis<\/strong><\/li><\/ol><p>Der Mietpreis setzt sich gem\u00e4\u00df der aktuellen Preisliste zusammen, die f\u00fcr das Ferienhaus auf der Webseite ausgewiesen ist. Der Mietvertrag wird mit Eingang der Anzahlung auf das Konto des Vermieters wirksam.<\/p><ul><li>Eine Anzahlung in H\u00f6he von 25 % des Mietpreises ist innerhalb von sieben Tagen nach Erhalt der Buchungsbest\u00e4tigung zur Zahlung f\u00e4llig.<\/li><li>Der Restbetrag ist 4 Wochen vor der Anreise per \u00dcberweisung zu entrichten.<\/li><li>Sollten die Zahlungsfristen nicht eingehalten werden, beh\u00e4lt sich der Vermieter das Recht vor, vom Vertrag zur\u00fcckzutreten. Die Nichtzahlung gilt als R\u00fccktritt und berechtigt den Vermieter zur Neuvermietung.<\/li><\/ul><p>Alle Preise beinhalten die Nebenkosten f\u00fcr Strom, Wasser, Klimatisierung sowie alle gesetzlichen Abgaben. Eine Endreinigung ist im Mietpreis bereits enthalten<\/p><ol start=\"4\"><li><strong> R\u00fccktritt<\/strong><\/li><\/ol><p>Sie haben jederzeit das Recht, vom Vertrag zur\u00fcckzutreten. Dieser R\u00fccktritt muss schriftlich erfolgen. Eine Buchung kann bis zu 57 Tagen vor der Ankunft kostenfrei storniert werden. Erfolgt die Stornierung in einem Zeitraum kleiner 57 Tage vor der Anreise oder bei Nichtanreise, dann sind Sie verpflichtet, uns den entstandenen Schaden zu ersetzen:<\/p><ul><li>do 8 tjedana prije planiranog dolaska: 10%<\/li><li>do 6 tjedana prije planiranog dolaska: 30%<\/li><li>do 4 tjedna prije planiranog dolaska: 60%<\/li><li>do 3 tjedna prije planiranog dolaska: 90%<\/li><li>manje od 3 tjedna prije planiranog dolaska: 100%<\/li><\/ul><p>Das Recht zur K\u00fcndigung aus wichtigem Grund bleibt unber\u00fchrt.<\/p><p>F\u00fcr einen sorgenfreien Urlaub empfehlen wir Ihnen den Abschluss einer Reiseversicherung, damit Sie bei Stornierung oder Abbruch Ihres Urlaubs aufgrund von Erkrankung, Unfall oder Arbeitslosigkeit \u2013 auch innerhalb der Familie \u2013 m\u00f6gliche finanzielle Verluste ersetzt bekommen.<\/p><ol start=\"5\"><li><strong> Pflichten des Mieters<\/strong><\/li><\/ol><p>Der Mieter hat die Verpflichtung, die gemieteten Sachen (Ferienhaus, Inventar und Au\u00dfenanlagen) sorgsam zu behandeln. Falls w\u00e4hrend des Mietverh\u00e4ltnisses Sch\u00e4den am Ferienhaus und \/ oder dessen Inventar auftreten, muss der Mieter unverz\u00fcglich den Vermieter dar\u00fcber informieren.<\/p><p>Etwaige M\u00e4ngel und Sch\u00e4den, die bei der Ankunft bereits vorhanden sind, m\u00fcssen umgehend beim Vermieter gemeldet werden. Andernfalls haftet der Mieter f\u00fcr diese Sch\u00e4den. Eine angemessene Frist zur Beseitigung von Sch\u00e4den und M\u00e4ngeln ist einzuhalten.<\/p><p>Anspr\u00fcche aus Beanstandungen, die nicht unverz\u00fcglich vor Ort gemeldet werden, sind ausgeschlossen. Ebenso sind Reklamationen, die erst am Ende des Aufenthalts bzw. nach Verlassen des Ferienhauses bei dem Vermieter eingehen, vom Schadenersatz ausgeschlossen.<\/p><p>Im Falle von Leistungsst\u00f6rungen hat der Mieter die Pflicht, im Rahmen seiner gesetzlichen Verpflichtungen zumutbare Ma\u00dfnahmen zu ergreifen, um zur Behebung der St\u00f6rung beizutragen und den entstandenen Schaden gering zu halten.<\/p><p>Am Tag der Abreise sind vom Mieter pers\u00f6nliche Gegenst\u00e4nde zu entfernen. Sowohl w\u00e4hrend des Aufenthalts als auch am Tag der Abreise sind vom Mieter der Hausm\u00fcll in die daf\u00fcr vorgesehenen M\u00fclltonnen getrennt nach Plastik, Papier\/Karton, Glas und Restm\u00fcll zu entsorgen. Das Geschirr ist sauber und abgesp\u00fclt in den K\u00fcchenschr\u00e4nken zu verstauen.<\/p><ol start=\"6\"><li><strong> za\u0161tita podataka<\/strong><\/li><\/ol><p>Der Mieter stimmt zu, dass im Rahmen des abgeschlossenen Vertrags notwendige Daten \u00fcber seine Person gespeichert, ge\u00e4ndert und \/ oder gel\u00f6scht werden k\u00f6nnen. Alle pers\u00f6nlichen Daten werden absolut vertraulich behandelt und k\u00f6nnen vom Mieter jederzeit angefordert werden. Weitere Informationen zur Speicherung und Verarbeitung von Daten finden Sie in unserer\u00a0<a href=\"https:\/\/villa-panorama-croatia.com\/hr\/zastita-podataka\/\">Datenschutzerkl\u00e4rung<\/a>.<\/p><ol start=\"7\"><li><strong> Haftung<\/strong><\/li><\/ol><p>Die Ausschreibung wurde unter bestem Wissen und Gewissen erstellt. Der Vermieter haftet nicht f\u00fcr Sch\u00e4den am Mietobjekt durch h\u00f6here Gewalt, landes\u00fcbliche Strom- und Wasserausf\u00e4lle oder Unwetter. Auch f\u00fcr unvorhersehbare oder unvermeidbare Umst\u00e4nde wie beh\u00f6rdliche Anordnungen oder naturbedingte St\u00f6rungen wird keine Haftung \u00fcbernommen. Der Vermieter steht jedoch gerne bei der Behebung von Problemen zur Verf\u00fcgung, soweit dies m\u00f6glich ist.<\/p><p>Eine Haftung des Vermieters f\u00fcr die Benutzung der bereitgestellten Spiel- und Sportger\u00e4te ist ausgeschlossen.<\/p><p>Die An- und Abreise des Mieters erfolgt auf eigene Verantwortung und Haftung. Der Vermieter haftet nicht f\u00fcr den Verlust pers\u00f6nlicher Gegenst\u00e4nde durch Abhandenkommen, Diebstahl oder h\u00f6here Gewalt. Der Mieter haftet jedoch in vollem Umfang f\u00fcr jegliche ihm zuzurechnenden Zerst\u00f6rungen oder Sch\u00e4den.<\/p><ol start=\"8\"><li><strong> Schlussbestimmungen<\/strong><\/li><\/ol><p>Die Beschreibung des Mietobjekts auf der Webseite oder im Flyer erfolgt nach bestem Wissen und Gewissen. Eine vollst\u00e4ndige \u00dcbereinstimmung mit dem Mietobjekt kann jedoch nicht garantiert werden. Der Vermieter beh\u00e4lt sich das Recht vor, die Ausstattung des Mietobjekts (z.B. M\u00f6bel) zu \u00e4ndern, solange sie gleichwertig ist.<\/p><p>Es gilt das Recht der Republik Kroatien. Gerichtsstand und Erf\u00fcllungsort ist der Gesch\u00e4ftssitz des Vermieters.<\/p><ol start=\"9\"><li><strong> Salvatorische Klausel<\/strong><\/li><\/ol><p>Sollte eine oder mehrere Bestimmungen dieser Gesch\u00e4ftsbedingungen ganz oder teilweise unwirksam sein oder werden, so wird dadurch die Wirksamkeit der \u00fcbrigen Bestimmungen nicht ber\u00fchrt. Anstelle der unwirksamen Bestimmung gilt eine solche als vereinbart, die dem wirtschaftlichen und rechtlichen Willen der Vertragsparteien am n\u00e4chsten kommt. Gleiches gilt f\u00fcr etwaige L\u00fccken in diesen Gesch\u00e4ftsbedingungen.<\/p>\t\t\t\t\t\t\t\t<\/div>\n\t\t\t\t<\/div>\n\t\t\t\t\t<\/div>\n\t\t\t\t<\/div>\n\t\t\t\t<\/div>","protected":false},"excerpt":{"rendered":"<p>Die AGB zum Ferienhaus Villa Panorama Vermieter: H.E.N.D. IMMOBILIEN d.o.o.Rogovi\u0107i 3452464 Ka\u0161telir-LabinciKroatienTel: +49 170 9047286 Allgemeines: Das Ferienhaus Villa Panorama [&hellip;]<\/p>\n","protected":false},"author":1,"featured_media":0,"parent":0,"menu_order":0,"comment_status":"closed","ping_status":"closed","template":"","meta":{"site-sidebar-layout":"no-sidebar","site-content-layout":"","ast-site-content-layout":"full-width-container","site-content-style":"default","site-sidebar-style":"default","ast-global-header-display":"","ast-banner-title-visibility":"","ast-main-header-display":"","ast-hfb-above-header-display":"","ast-hfb-below-header-display":"","ast-hfb-mobile-header-display":"","site-post-title":"disabled","ast-breadcrumbs-content":"","ast-featured-img":"disabled","footer-sml-layout":"","theme-transparent-header-meta":"","adv-header-id-meta":"","stick-header-meta":"","header-above-stick-meta":"","header-main-stick-meta":"","header-below-stick-meta":"","astra-migrate-meta-layouts":"default","ast-page-background-enabled":"default","ast-page-background-meta":{"desktop":{"background-color":"var(--ast-global-color-4)","background-image":"","background-repeat":"repeat","background-position":"center center","background-size":"auto","background-attachment":"scroll","background-type":"","background-media":"","overlay-type":"","overlay-color":"","overlay-opacity":"","overlay-gradient":""},"tablet":{"background-color":"","background-image":"","background-repeat":"repeat","background-position":"center center","background-size":"auto","background-attachment":"scroll","background-type":"","background-media":"","overlay-type":"","overlay-color":"","overlay-opacity":"","overlay-gradient":""},"mobile":{"background-color":"","background-image":"","background-repeat":"repeat","background-position":"center center","background-size":"auto","background-attachment":"scroll","background-type":"","background-media":"","overlay-type":"","overlay-color":"","overlay-opacity":"","overlay-gradient":""}},"ast-content-background-meta":{"desktop":{"background-color":"var(--ast-global-color-5)","background-image":"","background-repeat":"repeat","background-position":"center center","background-size":"auto","background-attachment":"scroll","background-type":"","background-media":"","overlay-type":"","overlay-color":"","overlay-opacity":"","overlay-gradient":""},"tablet":{"background-color":"var(--ast-global-color-5)","background-image":"","background-repeat":"repeat","background-position":"center center","background-size":"auto","background-attachment":"scroll","background-type":"","background-media":"","overlay-type":"","overlay-color":"","overlay-opacity":"","overlay-gradient":""},"mobile":{"background-color":"var(--ast-global-color-5)","background-image":"","background-repeat":"repeat","background-position":"center center","background-size":"auto","background-attachment":"scroll","background-type":"","background-media":"","overlay-type":"","overlay-color":"","overlay-opacity":"","overlay-gradient":""}},"_glsr_average":0,"_glsr_ranking":0,"_glsr_reviews":0,"footnotes":""},"class_list":["post-2013","page","type-page","status-publish","hentry"],"_links":{"self":[{"href":"https:\/\/villa-panorama-croatia.com\/hr\/wp-json\/wp\/v2\/pages\/2013","targetHints":{"allow":["GET"]}}],"collection":[{"href":"https:\/\/villa-panorama-croatia.com\/hr\/wp-json\/wp\/v2\/pages"}],"about":[{"href":"https:\/\/villa-panorama-croatia.com\/hr\/wp-json\/wp\/v2\/types\/page"}],"author":[{"embeddable":true,"href":"https:\/\/villa-panorama-croatia.com\/hr\/wp-json\/wp\/v2\/users\/1"}],"replies":[{"embeddable":true,"href":"https:\/\/villa-panorama-croatia.com\/hr\/wp-json\/wp\/v2\/comments?post=2013"}],"version-history":[{"count":16,"href":"https:\/\/villa-panorama-croatia.com\/hr\/wp-json\/wp\/v2\/pages\/2013\/revisions"}],"predecessor-version":[{"id":2126,"href":"https:\/\/villa-panorama-croatia.com\/hr\/wp-json\/wp\/v2\/pages\/2013\/revisions\/2126"}],"wp:attachment":[{"href":"https:\/\/villa-panorama-croatia.com\/hr\/wp-json\/wp\/v2\/media?parent=2013"}],"curies":[{"name":"wp","href":"https:\/\/api.w.org\/{rel}","templated":true}]}}