{"id":20,"date":"2024-05-06T17:27:49","date_gmt":"2024-05-06T17:27:49","guid":{"rendered":"https:\/\/staging.zorentino.com\/?page_id=20"},"modified":"2024-06-16T16:24:14","modified_gmt":"2024-06-16T16:24:14","slug":"protezione-dei-dati","status":"publish","type":"page","link":"https:\/\/villa-panorama-croatia.com\/it\/datenschutz\/","title":{"rendered":"Protezione dei dati"},"content":{"rendered":"<div data-elementor-type=\"wp-page\" data-elementor-id=\"20\" class=\"elementor elementor-20\" data-elementor-post-type=\"page\">\n\t\t\t\t<div class=\"elementor-element elementor-element-0d1bdae e-flex e-con-boxed e-con e-parent\" data-id=\"0d1bdae\" data-element_type=\"container\" data-e-type=\"container\">\n\t\t\t\t\t<div class=\"e-con-inner\">\n\t\t\t\t<div class=\"elementor-element elementor-element-52565a9 elementor-widget elementor-widget-text-editor\" data-id=\"52565a9\" data-element_type=\"widget\" data-e-type=\"widget\" data-widget_type=\"text-editor.default\">\n\t\t\t\t<div class=\"elementor-widget-container\">\n\t\t\t\t\t\t\t\t\t<div><h1><span style=\"color: #707070;\">Informativa sulla privacy<\/span><\/h1><div><p>Con la presente informativa sulla privacy desideriamo informarvi sul tipo, l'ambito e lo scopo del trattamento dei dati personali (di seguito denominati anche \"dati\"). Per dati personali si intendono tutti i dati che hanno un riferimento personale all'utente, ad esempio nome, indirizzo, indirizzo e-mail o il suo comportamento di utente. L'informativa sulla privacy si applica a tutte le operazioni di trattamento dei dati da noi effettuate, sia nell'ambito delle nostre attivit\u00e0 principali che per i media online da noi forniti.<\/p><\/div><\/div><div><div><h2><span style=\"color: #707070;\">Chi \u00e8 il responsabile del trattamento dei dati presso la nostra azienda<\/span><\/h2><p>Responsabile dell'elaborazione dei dati \u00e8:<\/p><\/div><\/div><p>H.E.N.D. IMMOBILIEN d.o.o.<br \/>Rogovi\u0107i 34<br \/>52464 Ka\u0161telir-Labinci<br \/>Croazia<br \/>Tel: +49 170 9047286<\/p><div><div><h2><span style=\"color: #707070;\">Trattamento dei vostri dati nell'ambito delle attivit\u00e0 principali della nostra azienda<\/span><\/h2><p>Se siete nostri clienti o partner commerciali o siete interessati ai nostri servizi, il tipo, la portata e lo scopo del trattamento dei vostri dati dipendono dal rapporto contrattuale o precontrattuale esistente tra noi. In tal senso, i dati da noi trattati comprendono tutti i dati che ci vengono o ci sono stati forniti dall'utente ai fini dell'utilizzo dei servizi contrattuali o precontrattuali e che sono necessari per elaborare la sua richiesta o il contratto stipulato tra noi. Se non diversamente indicato nelle ulteriori informazioni contenute nella presente informativa sulla privacy, il trattamento dei vostri dati e la loro divulgazione a terzi \u00e8 limitato ai dati necessari e opportuni per rispondere alle vostre richieste e\/o per adempiere al contratto stipulato tra voi e noi, per proteggere i nostri diritti e per adempiere agli obblighi di legge. Vi informeremo su quali dati sono necessari a tal fine prima o durante la raccolta dei dati. Nella misura in cui utilizziamo fornitori terzi per fornire i nostri servizi, si applicano le note sulla protezione dei dati dei rispettivi fornitori terzi.<\/p><p><strong>Dati interessati:<\/strong><\/p><ul><li>Dati di inventario (ad es. nomi, indirizzi)<\/li><li>Dati di pagamento (ad es. coordinate bancarie, fatture)<\/li><li>Dati di contatto (ad es. indirizzo e-mail, numero di telefono, indirizzo postale)<\/li><li>Dati del contratto (ad es. oggetto del contratto, durata del contratto)<\/li><\/ul><p><strong>Persone interessate:\u00a0<\/strong>Parti interessate, partner commerciali e contrattuali<\/p><p><strong>Finalit\u00e0 del trattamento:\u00a0<\/strong>Elaborazione dei servizi contrattuali, comunicazione e risposta alle richieste di contatto, procedure d'ufficio e organizzative<\/p><p><strong>Base giuridica:<\/strong>\u00a0Esecuzione del contratto e richieste precontrattuali, art. 6 par. 1 lett. b GDPR, obbligo legale, art. 6 par. 1 lett. c GDPR, interesse legittimo, art. 6 par. 1 lett. f GDPR<\/p><\/div><\/div><div><div><h2><span style=\"color: #707070;\">I vostri diritti ai sensi del GDPR<\/span><\/h2><p>Ai sensi del GDPR, vi spettano i diritti elencati di seguito, che potete far valere in qualsiasi momento presso il responsabile del trattamento indicato nella sezione 1 della presente dichiarazione sulla protezione dei dati:<\/p><ul><li><strong>Diritto all'informazione:<\/strong>\u00a0Avete il diritto di chiederci informazioni su se e quali vostri dati trattiamo.<\/li><li><strong>Diritto di rettifica:<\/strong>\u00a0Avete il diritto di richiedere la correzione di dati errati o il completamento di dati incompleti.<\/li><li><strong>Diritto alla cancellazione:<\/strong>\u00a0L'utente ha il diritto di richiedere la cancellazione dei propri dati.<\/li><li><strong>Diritto alla restrizione:<\/strong>\u00a0In alcuni casi, avete il diritto di richiedere che i vostri dati vengano trattati solo in misura limitata.<\/li><li><strong>Diritto alla portabilit\u00e0 dei dati:<\/strong>\u00a0Avete il diritto di richiedere la trasmissione dei vostri dati a voi o a un altro responsabile del trattamento in un formato strutturato, comunemente utilizzato e leggibile da una macchina.<\/li><li><strong>Diritto di appello<\/strong>Avete il diritto di presentare un reclamo a un'autorit\u00e0 di controllo. \u00c8 competente l'autorit\u00e0 di controllo del vostro luogo di residenza abituale, del vostro posto di lavoro o della sede della nostra societ\u00e0.<\/li><\/ul><h3><span style=\"color: #707070;\">Diritto di cancellazione<\/span><\/h3><p>Avete il diritto di revocare il vostro consenso al trattamento dei dati in qualsiasi momento.<\/p><h3><span style=\"color: #707070;\">Diritto di obiezione<\/span><\/h3><p>Avete il diritto di opporvi in qualsiasi momento al trattamento dei vostri dati, basato sul nostro legittimo interesse ai sensi dell'art. 6 par. 1 lett. f GDPR. Se esercitate il vostro diritto di opposizione, vi chiediamo di spiegarne i motivi. In tal caso non tratteremo pi\u00f9 i vostri dati personali, a meno che non possiamo dimostrare che esistono motivi legittimi impellenti per il trattamento dei dati che prevalgono sui vostri interessi e diritti.<\/p><p><strong>Indipendentemente da quanto sopra, avete il diritto di opporvi in qualsiasi momento al trattamento dei vostri dati personali a fini pubblicitari e di analisi dei dati.<\/strong><\/p><p>Si prega di inviare la propria obiezione all'indirizzo di contatto del responsabile del trattamento sopra indicato.<\/p><h2><span style=\"color: #707070;\">Quando cancelliamo i vostri dati?<\/span><\/h2><p>Cancelliamo i vostri dati quando non ne abbiamo pi\u00f9 bisogno o quando ci date istruzioni in tal senso. Ci\u00f2 significa che, se non diversamente indicato nelle singole informative sulla protezione dei dati contenute nella presente informativa sulla privacy, cancelleremo i vostri dati,<\/p><ul><li>se lo scopo del trattamento dei dati \u00e8 venuto meno e quindi non esiste pi\u00f9 la rispettiva base giuridica indicata nelle singole informative sulla protezione dei dati, ad es.<ul><li>dopo la cessazione del rapporto contrattuale o di adesione tra noi (art. 6 par. 1 lit. a GDPR) o<\/li><li>dopo la cessazione del nostro legittimo interesse all'ulteriore elaborazione o conservazione dei vostri dati (art. 6 par. 1 lett. f GDPR),<\/li><\/ul><\/li><li>se esercitate il vostro diritto di cancellazione e non sussiste alcun altro fondamento giuridico per il trattamento ai sensi dell'art. 6 par. 1 lett. b-f GDPR,<\/li><li>se l'utente si avvale del suo diritto di opposizione e non sussistono motivi legittimi impellenti per la cancellazione.<\/li><\/ul><p>Tuttavia, se abbiamo ancora bisogno di conservare (alcune parti dei) vostri dati per altri scopi, ad esempio perch\u00e9 i periodi di conservazione fiscale (di solito 6 anni per la corrispondenza commerciale o 10 anni per i documenti contabili) o l'affermazione, l'esercizio o la difesa di rivendicazioni legali derivanti da rapporti contrattuali (fino a quattro anni) lo rendono necessario o i dati sono necessari per proteggere i diritti di un'altra persona fisica o giuridica, cancelleremo (quella parte dei) vostri dati solo dopo la scadenza di questi periodi. Fino alla scadenza di questi periodi, tuttavia, limitiamo il trattamento di questi dati a questi scopi (adempimento degli obblighi di conservazione).<\/p><\/div><\/div><div><div><h2><span style=\"color: #707070;\">Biscotti<\/span><\/h2><p>Il nostro sito web utilizza i cookie. I cookie sono piccoli file di testo costituiti da una serie di numeri e lettere che vengono memorizzati sul dispositivo in uso. I cookie vengono utilizzati principalmente per scambiare informazioni tra il dispositivo in uso e il nostro sito web. Tra queste, ad esempio, le impostazioni della lingua di un sito web, lo stato di accesso o la posizione in cui \u00e8 stato guardato un video.<\/p><p>Quando visitate il nostro sito web, vengono utilizzati due tipi di cookie:<\/p><ul><li><strong>Cookie temporanei (cookie di sessione):<\/strong>\u00a0Questi memorizzano un cosiddetto ID di sessione, con il quale le varie richieste del browser possono essere assegnate alla sessione comune. I cookie di sessione vengono cancellati quando ci si disconnette o si chiude il browser.<\/li><li><strong>Cookie permanenti:\u00a0<\/strong>I cookie permanenti rimangono memorizzati anche dopo la chiusura del browser. Ci\u00f2 consente al nostro sito web di riconoscere il vostro computer quando tornate sul nostro sito. In questi cookie vengono memorizzate, ad esempio, informazioni sulle impostazioni della lingua o sui dati di accesso. Questi cookie possono anche essere utilizzati per documentare e memorizzare il vostro comportamento di navigazione. Questi dati possono essere utilizzati a fini statistici, di marketing e di personalizzazione.<\/li><\/ul><p>Oltre alla categorizzazione di cui sopra, i cookie possono essere differenziati anche in base alla loro finalit\u00e0:<\/p><ul><li><strong>Cookie necessari:<\/strong>\u00a0Si tratta di cookie assolutamente necessari per il funzionamento del nostro sito web, al fine di salvare i login o i cestini degli acquisti per la durata della sessione o di cookie impostati per motivi di sicurezza.<\/li><li><strong>Cookie statistici, di marketing e di personalizzazione:<\/strong>\u00a0Si tratta di cookie utilizzati a fini analitici o per misurare la portata. Tali cookie di \"tracciamento\" possono essere utilizzati in particolare per memorizzare informazioni sui termini di ricerca inseriti o sulla frequenza di visualizzazione delle pagine. Inoltre, il comportamento di navigazione di un singolo utente (ad esempio, la visualizzazione di determinati contenuti, l'utilizzo di funzioni, ecc. Tali profili vengono utilizzati per mostrare agli utenti contenuti che corrispondono ai loro potenziali interessi. Se utilizziamo servizi che memorizzano cookie sul dispositivo finale dell'utente a fini statistici, di marketing e di personalizzazione, lo informeremo separatamente nelle sezioni successive della nostra politica sulla privacy o quando otterremo il suo consenso.<\/li><\/ul><p><strong>Dati interessati:<\/strong><\/p><ul><li>Dati di utilizzo (ad es. tempi di accesso, siti web visitati)<\/li><li>Dati di comunicazione (ad esempio, informazioni sul dispositivo utilizzato, indirizzo IP).<\/li><\/ul><p><strong>Persone interessate:\u00a0<\/strong>Utenti dei nostri servizi online<\/p><p><strong>Finalit\u00e0 del trattamento:\u00a0<\/strong>Visualizzazione delle nostre pagine Internet, garanzia del funzionamento delle nostre pagine Internet, miglioramento della nostra offerta Internet, comunicazione e marketing.<\/p><p><strong>Base giuridica:<br \/>Interesse legittimo, art. 6 par. 1 lit. f GDPR<\/strong><br \/>Se non otteniamo il vostro consenso all'impostazione dei cookie, basiamo il trattamento dei vostri dati sul nostro legittimo interesse a migliorare la qualit\u00e0 e la facilit\u00e0 d'uso del nostro sito web, in particolare i contenuti e le funzioni. Potete utilizzare le impostazioni di sicurezza del vostro browser per opporvi all'uso dei cookie da noi impostati nell'ambito del nostro legittimo interesse. \u00c8 possibile specificare se non si accettano i cookie fin dall'inizio o se li si accetta solo su richiesta, oppure se si desidera che i cookie vengano cancellati ogni volta che si chiude il browser. Se i cookie vengono disattivati per il nostro sito web, potrebbe non essere pi\u00f9 possibile utilizzare tutte le funzioni del sito web nella loro interezza.<\/p><\/div><\/div><div><div><h2><span style=\"color: #707070;\">Webhosting<\/span><\/h2><p>Per la gestione del nostro sito web ci avvaliamo di un provider sul cui server il nostro sito web \u00e8 memorizzato e reso disponibile per il recupero su Internet (hosting). Il provider pu\u00f2 elaborare tutti i dati trasmessi tramite il browser utilizzato dall'utente e generati durante l'utilizzo del nostro sito web. Si tratta in particolare del vostro indirizzo IP, che serve al provider per poter trasmettere la nostra offerta online al browser che state utilizzando, nonch\u00e9 di tutti gli inserimenti che fate attraverso il nostro sito web. Inoltre, il provider da noi utilizzato pu\u00f2\u00a0\u00a0<\/p><ul><li>la data e l'ora di accesso al nostro sito web<\/li><li>Differenza di fuso orario rispetto all'ora di Greenwich (GMT)<\/li><li>Stato di accesso (stato HTTP)<\/li><li>la quantit\u00e0 di dati trasferiti<\/li><li>il fornitore di servizi Internet del sistema di accesso<\/li><li>il tipo di browser utilizzato e la sua versione<\/li><li>il sistema operativo in uso<\/li><li>il sito web dal quale l'utente ha raggiunto il nostro sito web<\/li><li>le pagine o le sottopagine visitate sul nostro sito web.<\/li><\/ul><p>raccogliere. I dati di cui sopra vengono memorizzati come file di log sui server del nostro provider. Ci\u00f2 \u00e8 necessario per garantire la stabilit\u00e0 e la sicurezza del funzionamento del nostro sito web.<\/p><p><strong>Dati interessati:<\/strong><\/p><ul><li>Dati sui contenuti (ad es. post, foto, video)<\/li><li>Dati di utilizzo (ad es. tempi di accesso, siti web visitati)<\/li><li>Dati di comunicazione (ad es. informazioni sul dispositivo utilizzato, indirizzo IP)<\/li><\/ul><p><strong>Persone interessate:\u00a0<\/strong>Utenti del nostro sito web<\/p><p><strong>Finalit\u00e0 del trattamento:\u00a0<\/strong>visualizzare le nostre pagine Internet, garantire il funzionamento delle nostre pagine Internet<\/p><p><strong>Base giuridica:<\/strong>\u00a0Interesse legittimo, art. 6 par. 1 lit. f GDPR<\/p><p><strong>Host web da noi incaricato:<\/strong><\/p><\/div><\/div><div><div><p><b>IONOS<\/b><\/p><p>Fornitore di servizi: IONOS SE<br \/>Indirizzo: Elgendorferstrasse 57, 56410 Montabaur\u00a0<br \/>Informativa sulla privacy:\u00a0<a href=\"https:\/\/www.ionos.de\/terms-gtc\/datenschutzerklaerung\/\" target=\"_blank\" rel=\"noopener\">https:\/\/www.ionos.de\/terms-gtc\/datenschutzerklaerung\/<\/a><\/p><\/div><\/div><div><div><h2><span style=\"color: #707070;\">Contattateci<\/span><\/h2><p>Se ci contattate tramite e-mail, social media, telefono, fax, posta, il nostro modulo di contatto o in qualsiasi altro modo e ci fornite dati personali come il vostro nome, numero di telefono o indirizzo e-mail o fornite ulteriori informazioni su di voi o sulla vostra richiesta, tratteremo questi dati per rispondere alla vostra richiesta nell'ambito del rapporto precontrattuale o contrattuale esistente tra noi.<\/p><p><strong>Dati interessati:<\/strong><\/p><ul><li>Dati di inventario (ad es. nomi, indirizzi)<\/li><li>Dati di contatto (ad es. indirizzo e-mail, numero di telefono, indirizzo postale)<\/li><li>Dati di contenuto (testi, foto, video)<\/li><li>Dati del contratto (ad es. oggetto del contratto, durata del contratto)<\/li><\/ul><p><strong>Persone interessate:\u00a0<\/strong>Parti interessate, clienti, partner commerciali e contrattuali<\/p><p><strong>Finalit\u00e0 del trattamento:\u00a0<\/strong>Comunicazione e risposta alle richieste di contatto, procedure d'ufficio e organizzative<\/p><p><strong>Base giuridica:<\/strong>\u00a0Esecuzione del contratto e richieste precontrattuali, art. 6 par. 1 lett. b GDPR, legittimo interesse, art. 6 par. 1 lett. f GDPR<\/p><\/div><\/div><div><div><h2><span style=\"color: #707070;\">Servizi di contenuto<\/span><\/h2><p>Utilizziamo alcuni servizi per poter visualizzare determinati contenuti o elementi grafici (video, immagini, musica, caratteri, mappe) attraverso il nostro sito web. I servizi utilizzati elaborano l'indirizzo IP assegnato all'utente al momento della visita al nostro sito web, in quanto solo in questo modo \u00e8 possibile visualizzare i rispettivi contenuti nel browser utilizzato. Inoltre, i fornitori di questi servizi possono collocare altri cookie sul vostro dispositivo finale, che vengono utilizzati per raccogliere informazioni sul vostro comportamento d'uso, sui vostri interessi, sul dispositivo e sul browser che state utilizzando e sul tempo e la durata della vostra sessione. I fornitori utilizzano regolarmente questi dati a fini di analisi, statistica e marketing. Inoltre, queste informazioni possono essere combinate con informazioni provenienti da altre fonti. Ci\u00f2 vale in particolare se l'utente dispone di un account presso il fornitore di servizi e vi \u00e8 connesso al momento della sessione.<\/p><p>Desideriamo sottolineare che, a seconda del paese di domicilio del fornitore di servizi indicato di seguito, i dati indicati pi\u00f9 dettagliatamente di seguito potrebbero essere trasferiti ed elaborati su server al di fuori dell'Unione Europea. In questo caso, c'\u00e8 il rischio che il livello di protezione dei dati prescritto dal GDPR non venga rispettato e che l'applicazione dei vostri diritti sia difficile o impossibile.<\/p><p><strong>Dati interessati:<\/strong><\/p><ul><li>Dati di utilizzo (ad es. tempi di accesso, siti web visitati)<\/li><li>Dati di comunicazione (ad es. informazioni sul dispositivo utilizzato, indirizzo IP)<\/li><\/ul><p><strong>Persone interessate:\u00a0<\/strong>Utenti del nostro sito web<\/p><p><strong>Finalit\u00e0 del trattamento:\u00a0<\/strong>Visualizzazione delle nostre pagine Internet, offerta di contenuti, garanzia di funzionamento delle nostre pagine Internet<\/p><p><strong>Base giuridica:<\/strong>\u00a0Consenso tramite banner di consenso per i cookie, Art. 6 par. 1 lit. a GDPR, interessi legittimi, Art. 6 par. 1 lit. f GDPR<\/p><p><strong>Utilizziamo i seguenti servizi di contenuti:<\/strong><\/p><\/div><\/div><div><div><p><strong>Google Maps<\/strong><\/p><p>Sul nostro sito web utilizziamo Google Maps. Google raccoglie ed elabora l'indirizzo IP del visitatore. Se visitate un sito web in cui \u00e8 integrato Google Maps, il vostro indirizzo IP e i vostri dati di localizzazione (questi ultimi generalmente non senza il vostro consenso) vengono trasmessi a Google, indipendentemente dal fatto che Google Maps venga effettivamente utilizzato o che abbiate effettuato l'accesso al vostro account Google. L'indirizzo IP dell'utente verr\u00e0 assegnato al suo account Google, se \u00e8 stato effettuato l'accesso quando visita il nostro sito web.<\/p><p>Fornitore del servizio: Google Inc, 1600 Amphitheatre Parkway, Mountain View, CA 94043, USA<br \/>Sede legale nell'UE: Google Ireland Limited, Gordon House, Barrow Street, Dublino 4, Irlanda.<br \/>Sito web:\u00a0<a href=\"https:\/\/www.google.de\/maps\" target=\"_blank\" rel=\"noopener\">https:\/\/www.google.de\/maps<\/a><br \/>Informativa sulla privacy:\u00a0<a href=\"https:\/\/policies.google.com\/privacy\" target=\"_blank\" rel=\"noopener\">https:\/\/policies.google.com\/privacy<\/a><br \/><strong>Opzione di opt-out:<\/strong>\u00a0<a href=\"https:\/\/tools.google.com\/dlpage\/gaoptout?hl=de\" target=\"_blank\" rel=\"noopener\">https:\/\/tools.google.com\/dlpage\/gaoptout?hl=de<\/a><\/p><\/div><\/div><div><div><p><strong>Google Web Fonts<\/strong><\/p><p>Con Google Web Fonts possiamo integrare i caratteri (web fonts) nel design del nostro sito web e visualizzarli correttamente nel vostro browser quando visualizzate le nostre pagine web. L'integrazione di questi font web avviene richiamando un server di Google. Da qui, i font vengono trasmessi al browser in forma compressa e scompattati. Questo server si trova solitamente negli Stati Uniti. Se visitate una delle nostre pagine in cui abbiamo integrato Google Fonts, Google verr\u00e0 informato su quale delle nostre pagine web avete visitato.<\/p><p>Fornitore del servizio: Google Inc, 1600 Amphitheatre Parkway, Mountain View, CA 94043, USA<br \/>Sede legale nell'UE: Google Ireland Limited, Gordon House, Barrow Street, Dublino 4, Irlanda.<br \/>Sito web:\u00a0<a href=\"https:\/\/fonts.google.com\/\" target=\"_blank\" rel=\"noopener\">https:\/\/fonts.google.com\/<\/a><br \/>Informativa sulla privacy:\u00a0<a href=\"https:\/\/policies.google.com\/privacy\" target=\"_blank\" rel=\"noopener\">https:\/\/policies.google.com\/privacy<\/a><\/p><\/div><\/div><div><div><h2><span style=\"color: #707070;\">Misure di sicurezza<\/span><\/h2><p>Adottiamo inoltre misure di sicurezza tecniche e organizzative all'avanguardia per rispettare le disposizioni delle leggi sulla protezione dei dati e per proteggere i vostri dati da manipolazioni accidentali o intenzionali, perdita parziale o completa, distruzione o accesso non autorizzato da parte di terzi.<\/p><h2><span style=\"color: #707070;\">Aggiornamento e modifica della presente informativa sulla privacy<\/span><\/h2><p>La presente informativa sulla privacy \u00e8 attualmente valida ed \u00e8 datata gennaio 2024. A causa di modifiche dei requisiti legali o normativi, potrebbe essere necessario adeguare la presente informativa sulla privacy.<\/p><p><strong>Questa informativa sulla privacy \u00e8 stata creata con l'aiuto del generatore di protezione dei dati SOS Recht. SOS Recht \u00e8 un servizio fornito da Mueller.legal Rechtsanw\u00e4lte Partnerschaft con sede a Berlino.<\/strong><\/p><\/div><\/div>\t\t\t\t\t\t\t\t<\/div>\n\t\t\t\t<\/div>\n\t\t\t\t\t<\/div>\n\t\t\t\t<\/div>\n\t\t\t\t<\/div>","protected":false},"excerpt":{"rendered":"<p>Datenschutzerkl\u00e4rung Mit dieser Datenschutzerkl\u00e4rung m\u00f6chten wir Sie \u00fcber Art, Umfang und Zweck der Verarbeitung von personenbezogenen Daten (im Folgenden auch [&hellip;]<\/p>\n","protected":false},"author":1,"featured_media":0,"parent":0,"menu_order":0,"comment_status":"closed","ping_status":"closed","template":"","meta":{"site-sidebar-layout":"no-sidebar","site-content-layout":"","ast-site-content-layout":"full-width-container","site-content-style":"default","site-sidebar-style":"default","ast-global-header-display":"","ast-banner-title-visibility":"","ast-main-header-display":"","ast-hfb-above-header-display":"","ast-hfb-below-header-display":"","ast-hfb-mobile-header-display":"","site-post-title":"disabled","ast-breadcrumbs-content":"","ast-featured-img":"disabled","footer-sml-layout":"","theme-transparent-header-meta":"","adv-header-id-meta":"","stick-header-meta":"","header-above-stick-meta":"","header-main-stick-meta":"","header-below-stick-meta":"","astra-migrate-meta-layouts":"default","ast-page-background-enabled":"default","ast-page-background-meta":{"desktop":{"background-color":"var(--ast-global-color-4)","background-image":"","background-repeat":"repeat","background-position":"center center","background-size":"auto","background-attachment":"scroll","background-type":"","background-media":"","overlay-type":"","overlay-color":"","overlay-opacity":"","overlay-gradient":""},"tablet":{"background-color":"","background-image":"","background-repeat":"repeat","background-position":"center center","background-size":"auto","background-attachment":"scroll","background-type":"","background-media":"","overlay-type":"","overlay-color":"","overlay-opacity":"","overlay-gradient":""},"mobile":{"background-color":"","background-image":"","background-repeat":"repeat","background-position":"center center","background-size":"auto","background-attachment":"scroll","background-type":"","background-media":"","overlay-type":"","overlay-color":"","overlay-opacity":"","overlay-gradient":""}},"ast-content-background-meta":{"desktop":{"background-color":"var(--ast-global-color-5)","background-image":"","background-repeat":"repeat","background-position":"center center","background-size":"auto","background-attachment":"scroll","background-type":"","background-media":"","overlay-type":"","overlay-color":"","overlay-opacity":"","overlay-gradient":""},"tablet":{"background-color":"var(--ast-global-color-5)","background-image":"","background-repeat":"repeat","background-position":"center center","background-size":"auto","background-attachment":"scroll","background-type":"","background-media":"","overlay-type":"","overlay-color":"","overlay-opacity":"","overlay-gradient":""},"mobile":{"background-color":"var(--ast-global-color-5)","background-image":"","background-repeat":"repeat","background-position":"center center","background-size":"auto","background-attachment":"scroll","background-type":"","background-media":"","overlay-type":"","overlay-color":"","overlay-opacity":"","overlay-gradient":""}},"_glsr_average":0,"_glsr_ranking":0,"_glsr_reviews":0,"footnotes":""},"class_list":["post-20","page","type-page","status-publish","hentry"],"_links":{"self":[{"href":"https:\/\/villa-panorama-croatia.com\/it\/wp-json\/wp\/v2\/pages\/20","targetHints":{"allow":["GET"]}}],"collection":[{"href":"https:\/\/villa-panorama-croatia.com\/it\/wp-json\/wp\/v2\/pages"}],"about":[{"href":"https:\/\/villa-panorama-croatia.com\/it\/wp-json\/wp\/v2\/types\/page"}],"author":[{"embeddable":true,"href":"https:\/\/villa-panorama-croatia.com\/it\/wp-json\/wp\/v2\/users\/1"}],"replies":[{"embeddable":true,"href":"https:\/\/villa-panorama-croatia.com\/it\/wp-json\/wp\/v2\/comments?post=20"}],"version-history":[{"count":28,"href":"https:\/\/villa-panorama-croatia.com\/it\/wp-json\/wp\/v2\/pages\/20\/revisions"}],"predecessor-version":[{"id":2135,"href":"https:\/\/villa-panorama-croatia.com\/it\/wp-json\/wp\/v2\/pages\/20\/revisions\/2135"}],"wp:attachment":[{"href":"https:\/\/villa-panorama-croatia.com\/it\/wp-json\/wp\/v2\/media?parent=20"}],"curies":[{"name":"wp","href":"https:\/\/api.w.org\/{rel}","templated":true}]}}